{"id":730,"date":"2025-09-12T09:12:24","date_gmt":"2025-09-12T01:12:24","guid":{"rendered":"http:\/\/themetest6.local\/?page_id=730"},"modified":"2026-04-06T10:13:41","modified_gmt":"2026-04-06T10:13:41","slug":"blog","status":"publish","type":"page","link":"https:\/\/huchuanfreezedryer.com\/fr\/blog\/","title":{"rendered":"Blog"},"content":{"rendered":"<section class=\"wp-block-themepark-block-themepark-area block_layout thempark-block undefined bom30 top30\" id=\"padingmax\" style=\"padding-bottom:170px;padding-top:231px;\" data-swiper-parallax=\"-700\"><div class=\"block_layout_in\" style=\"max-width:1920px;\">\n<div class=\"wp-block-column block_layout_in is-layout-flow wp-block-column-is-layout-flow\">\n<h1 class=\"wp-block-heading has-text-align-center has-monte-white-color has-text-color has-link-color has-bonkers-font-size wp-elements-7c936d48abd52674eabca128a5c12acc\" style=\"text-transform:uppercase\">Blog de l'entreprise<\/h1>\n\n\n\n<p class=\"has-text-align-center has-monte-white-color has-text-color has-link-color has-medium-font-size wp-elements-b301f963a0b318a3936b87d0d9a72eb1\"><strong><strong>D\u00e9couvrez nos derniers d\u00e9veloppements et perspectives de march\u00e9.<\/strong><\/strong><\/p>\n\n\n\n<div class=\"wp-block-themepark-block-themepark-wright content-super-p\" style=\"font-size:14px;line-height:20px;color:#ffffff;padding:25px 10px;text-align: center;\">\n<div class=\"wp-block-column is-layout-flow wp-block-column-is-layout-flow\">\n <div class=\"block_breadcrumbs\"><div class=\"breadcrumbs\"><nav> <a itemprop=\"breadcrumb\" href=\"https:\/\/huchuanfreezedryer.com\/fr\">Accueil<\/a> \/ <span class=\"current\">Page<\/span><\/nav><\/div><\/div>\n<\/div>\n<\/div>\n<\/div>\n<\/div><div class=\"layout_badh\"><div class=\"shizhezhao\" style=\"opacity:0.51;background-color:;\"><\/div><div class=\"PcOnly themepark-block_layout_ba lazyload swiper-lazy\" style=\"background-repeat:no-repeat;background-size:cover;\" data-background=\"https:\/\/huchuanfreezedryer.com\/wp-content\/uploads\/2026\/03\/\u9996\u56fe-blog.webp\"><\/div><div class=\"MovePnly themepark-block_layout_ba lazyload swiper-move-lazy\" style=\"background-repeat:no-repeat;background-size:cover;\" data-background=\"https:\/\/huchuanfreezedryer.com\/wp-content\/uploads\/2026\/03\/\u9996\u56fe-blog.webp\"><\/div><\/div><\/section>\n\n\n\n<section class=\"wp-block-themepark-block-themepark-area block_layout thempark-block undefined bom20 top20\" id=\"padingmax\" style=\"background-color:#ecf0f0;padding-bottom:6px;padding-top:34px;\" data-swiper-parallax=\"-700\"><div class=\"block_layout_in clomnsmal\" style=\"max-width:1400px;\">\n<div class=\"wp-block-column block_layout_in is-layout-flow wp-block-column-is-layout-flow\">\n<div class=\"wp-block-columns is-layout-flex wp-container-core-columns-is-layout-9d6595d7 wp-block-columns-is-layout-flex\">\n<div class=\"wp-block-column is-layout-flow wp-block-column-is-layout-flow\" style=\"flex-basis:70%\">\n<div class=\"wp-block-themepark-block-themepark-wright content-super-p\" style=\"font-size:12px;line-height:24px;background-color:#ffffff;padding:20px 20px;border-radius:15px;\">\n<div class=\"wp-block-column is-layout-flow wp-block-column-is-layout-flow\"><div class=\"product_loop   mian_loop  swiper-container bigfont\" id=\"pro_list_11\"data=\"11\"><div class=\"swiper-wrapper\"><div class=\"product_post   h_w swiper-slide\" ><a href=\"https:\/\/huchuanfreezedryer.com\/fr\/propak-philippines-2026\/\" class=\"product_pic postatty\" style=\"max-height:440px;\"\"><img loading=\"lazy\" decoding=\"async\" class=\"lazyload\" src=\"https:\/\/huchuanfreezedryer.com\/wp-content\/themes\/smartenterprise-shop\/images\/loadings.png\" data-src=\"https:\/\/huchuanfreezedryer.com\/wp-content\/uploads\/2026\/04\/\u56fe\u72471-1024x346.png\" width=\"1024\" height=\"346\" alt=\"PROPAK PHILIPPINES 2026\" title=\"PROPAK PHILIPPINES 2026\"\/><\/a><div class=\"product_info\"><div class=\"postdes  noicon\"><span><i class=\"fa fa-calendar\"><\/i>avril 4, 2026<\/span><\/div><h3 class=\"pro_title\"><a href=\"https:\/\/huchuanfreezedryer.com\/fr\/propak-philippines-2026\/\">PROPAK PHILIPPINES 2026<\/a><\/h3><p class=\"des\">R\u00e9cemment, notre entreprise a particip\u00e9 \u00e0 PROPAK PHILIPPINES 2026 \u00e0 Manille, pr\u00e9sentant une gamme compl\u00e8te de lyophilisateurs intelligents pour aliments. Ciblant les march\u00e9s philippins des fruits, des fruits de mer et des aliments pour animaux de compagnie, nous avons mis l'accent sur le contr\u00f4le pr\u00e9cis de la temp\u00e9rature, la haute efficacit\u00e9 \u00e9nerg\u00e9tique et la surveillance \u00e0 distance. Les solutions ont suscit\u00e9 un vif int\u00e9r\u00eat de la part des producteurs et importateurs alimentaires locaux, aboutissant \u00e0 de multiples partenariats et approfondissant notre pr\u00e9sence en Asie du Sud-Est.<\/p><\/div><\/div><\/div><a class=\"swiper-next\" ><i class=\"fas fa-angle-right\"><\/i><\/a><a class=\"swiper-prev\" ><i class=\"fas fa-angle-left\"><\/i><\/a><div class=\"pagination\"><\/div><\/div><\/div>\n<\/div>\n\n\n\n<p><\/p>\n\n\n\n<div class=\"wp-block-themepark-block-themepark-newtab themepark-newtab\" style=\"background:#ffffff;border-radius:15px;\"><div class=\"themepark-newtab-head lie\" style=\"border: 1px solid #d5d5d5;background:#ffffff;border-top-left-radius:15px;border-top-right-radius:15px;\"><div class=\"newtab-btn active\" style=\"border-right: 1px solid #d5d5d5;border-bottom: 1px solid#d5d5d5;\"><div class=\"newtab-btn-img iconclor\"><i class=\"fas fa-calculator\" style=\"\"><\/i><div class=\"newtab-btn-text-active\" style=\"background:#2f8f5b;\"><\/div><div class=\"newtab-btn-text-active-b\" style=\"\"><\/div><\/div><div class=\"newtab-btn-text twoc\"><span style=\"\">Actualit\u00e9s de l'entreprise<\/span><\/div><div class=\"newtab-btn-text-active\" style=\"background:#2f8f5b;\"><\/div><\/div><div class=\"newtab-btn\" style=\"border-right: 1px solid #d5d5d5;border-bottom: 1px solid#d5d5d5;\"><div class=\"newtab-btn-img iconclor\"><i class=\"fas fa-server\" style=\"\"><\/i><div class=\"newtab-btn-text-active\" style=\"background:#2f8f5b;\"><\/div><div class=\"newtab-btn-text-active-b\" style=\"\"><\/div><\/div><div class=\"newtab-btn-text twoc\"><span style=\"\">Actualit\u00e9s des expositions<\/span><\/div><div class=\"newtab-btn-text-active\" style=\"background:#2f8f5b;\"><\/div><\/div><div class=\"newtab-btn\" style=\"border-right: 1px solid #d5d5d5;border-bottom: 1px solid#d5d5d5;\"><div class=\"newtab-btn-img iconclor\"><i class=\"fas fa-microchip\" style=\"\"><\/i><div class=\"newtab-btn-text-active\" style=\"background:#2f8f5b;\"><\/div><div class=\"newtab-btn-text-active-b\" style=\"\"><\/div><\/div><div class=\"newtab-btn-text twoc\"><span style=\"\">Lancement de nouveau produit<\/span><\/div><div class=\"newtab-btn-text-active\" style=\"background:#2f8f5b;\"><\/div><\/div><div class=\"newtab-btn\" style=\"border-right: 1px solid #d5d5d5;border-bottom: 1px solid#d5d5d5;\"><div class=\"newtab-btn-img iconclor\"><i class=\"fas fa-chart-pie\" style=\"\"><\/i><div class=\"newtab-btn-text-active\" style=\"background:#2f8f5b;\"><\/div><div class=\"newtab-btn-text-active-b\" style=\"\"><\/div><\/div><div class=\"newtab-btn-text twoc\"><span style=\"\">Tendances du secteur<\/span><\/div><div class=\"newtab-btn-text-active\" style=\"background:#2f8f5b;\"><\/div><\/div><\/div><div class=\"themepark-newtab-body\" style=\"\">\n<div class=\"wp-block-column newtabbox newtabbox0 active is-layout-flow wp-block-column-is-layout-flow\">\n<section class=\"wp-block-themepark-block-themepark-area block_layout thempark-block undefined\" id=\"padingmax\" style=\"padding-bottom:20px;padding-top:20px;\" data-swiper-parallax=\"-700\"><div class=\"block_layout_in\" style=\"\">\n<div class=\"wp-block-column block_layout_in is-layout-flow wp-block-column-is-layout-flow\"><div class=\"product_loop  radius   mian_loop  midefont\" id=\"pro_list_4\"><p class=\"Noresult\">Malheureusement, les informations que vous avez recherch\u00e9es n'ont pas \u00e9t\u00e9 trouv\u00e9es.<\/p><\/div>\n\n\n<div class=\"wp-block-themepark-block-btn themepark-i-btn-out\" style=\"text-align:center;padding-top:17px;\"><div class=\"themepark-i-btn-out_ins\" style=\"\"><div class=\"themepark-i-btn-out_in\"><div class=\"themepark-i-btn\" style=\"background-color:#2f8f5b;color:#ffffff;font-size:16px;border-radius:20px;padding:4px 27px;\"><a href=\"https:\/\/huchuanfreezedryer.com\/fr\/category\/news\/company-news\/\" rel=\"noopener noreferrer \">Voir plus <\/a><a class=\"hovers\" data-title=\"View More \" style=\"color:#ffffff;background-color:#0f6660;padding:4px 27px;border-radius:20px;\" href=\"https:\/\/huchuanfreezedryer.com\/fr\/category\/news\/company-news\/\" rel=\"noopener noreferrer\" target=\"_self\"><\/a><\/div><\/div><\/div><\/div>\n<\/div>\n<\/div><div class=\"layout_badh\"><\/div><\/section>\n<\/div>\n\n\n\n<div class=\"wp-block-column newtabbox newtabbox1 is-layout-flow wp-block-column-is-layout-flow\">\n<section class=\"wp-block-themepark-block-themepark-area block_layout thempark-block undefined\" id=\"padingmax\" style=\"padding-bottom:20px;padding-top:20px;\" data-swiper-parallax=\"-700\"><div class=\"block_layout_in\" style=\"\">\n<div class=\"wp-block-column block_layout_in is-layout-flow wp-block-column-is-layout-flow\"><div class=\"product_loop  radius   mian_loop  midefont\" id=\"pro_list_4\"><div class=\"product_post   h_w\" style=\"background-color:#f9f9f9;\"><a href=\"https:\/\/huchuanfreezedryer.com\/fr\/propak-philippines-2026\/\" class=\"product_pic postatty\" style=\"max-height:500px;\"\"><img loading=\"lazy\" decoding=\"async\" class=\"lazyload\" src=\"https:\/\/huchuanfreezedryer.com\/wp-content\/themes\/smartenterprise-shop\/images\/loadings.png\" data-src=\"https:\/\/huchuanfreezedryer.com\/wp-content\/uploads\/2026\/04\/\u56fe\u72471-1024x346.png\" width=\"1024\" height=\"346\" alt=\"PROPAK PHILIPPINES 2026\" title=\"PROPAK PHILIPPINES 2026\"\/><\/a><div class=\"product_info\"><div class=\"postdes  noicon\"><span><i class=\"fa fa-calendar\"><\/i>avril 4, 2026<\/span><\/div><h3 class=\"pro_title\"><a href=\"https:\/\/huchuanfreezedryer.com\/fr\/propak-philippines-2026\/\">PROPAK PHILIPPINES 2026<\/a><\/h3><p class=\"des\">R\u00e9cemment, notre entreprise a particip\u00e9 \u00e0 PROPAK PHILIPPINES 2026 \u00e0 Manille, pr\u00e9sentant une gamme compl\u00e8te de lyophilisateurs intelligents pour aliments. Ciblant les march\u00e9s philippins des fruits, des fruits de mer et des aliments pour animaux de compagnie, nous avons mis l'accent sur le contr\u00f4le pr\u00e9cis de la temp\u00e9rature, la haute efficacit\u00e9 \u00e9nerg\u00e9tique et la surveillance \u00e0 distance. Les solutions ont suscit\u00e9 un vif int\u00e9r\u00eat de la part des producteurs et importateurs alimentaires locaux, aboutissant \u00e0 de multiples partenariats et approfondissant notre pr\u00e9sence en Asie du Sud-Est.<\/p><\/div><\/div><\/div>\n\n\n<div class=\"wp-block-themepark-block-btn themepark-i-btn-out\" style=\"text-align:center;padding-top:17px;\"><div class=\"themepark-i-btn-out_ins\" style=\"\"><div class=\"themepark-i-btn-out_in\"><div class=\"themepark-i-btn\" style=\"background-color:#2f8f5b;color:#ffffff;font-size:16px;border-radius:20px;padding:4px 27px;\"><a href=\"https:\/\/huchuanfreezedryer.com\/fr\/category\/news\/exhibition-news\/\" rel=\"noopener noreferrer \">Voir plus <\/a><a class=\"hovers\" data-title=\"View More \" style=\"color:#ffffff;background-color:#0f6660;padding:4px 27px;border-radius:20px;\" href=\"https:\/\/huchuanfreezedryer.com\/fr\/category\/news\/exhibition-news\/\" rel=\"noopener noreferrer\" target=\"_self\"><\/a><\/div><\/div><\/div><\/div>\n<\/div>\n<\/div><div class=\"layout_badh\"><\/div><\/section>\n<\/div>\n\n\n\n<div class=\"wp-block-column newtabbox newtabbox2 is-layout-flow wp-block-column-is-layout-flow\">\n<section class=\"wp-block-themepark-block-themepark-area block_layout thempark-block undefined\" id=\"padingmax\" style=\"padding-bottom:20px;padding-top:20px;\" data-swiper-parallax=\"-700\"><div class=\"block_layout_in\" style=\"\">\n<div class=\"wp-block-column block_layout_in is-layout-flow wp-block-column-is-layout-flow\"><div class=\"product_loop  radius   mian_loop  midefont\" id=\"pro_list_4\"><div class=\"product_post   h_w\" style=\"background-color:#f9f9f9;\"><a href=\"https:\/\/huchuanfreezedryer.com\/fr\/industrial-big-scale-split-freeze-dryer\/\" class=\"product_pic postatty\" style=\"max-height:500px;\"\"><img loading=\"lazy\" decoding=\"async\" class=\"lazyload\" src=\"https:\/\/huchuanfreezedryer.com\/wp-content\/themes\/smartenterprise-shop\/images\/loadings.png\" data-src=\"https:\/\/huchuanfreezedryer.com\/wp-content\/uploads\/2026\/04\/\u79fb\u52a8\u7aefbanner-\u5927\u578b.webp\" width=\"600\" height=\"768\" alt=\"Lyophilisateur industriel split de grande \u00e9chelle\" title=\"Lyophilisateur industriel split de grande \u00e9chelle\"\/><\/a><div class=\"product_info\"><div class=\"postdes  noicon\"><span><i class=\"fa fa-calendar\"><\/i>avril 1, 2026<\/span><\/div><h3 class=\"pro_title\"><a href=\"https:\/\/huchuanfreezedryer.com\/fr\/industrial-big-scale-split-freeze-dryer\/\">Lyophilisateur industriel split de grande \u00e9chelle<\/a><\/h3><p class=\"des\">HTFD900L-HTFD3500L(75-300)m\u00b2\/R (Pre-freezing function and freeze drying function are separate) Pre-freezing function and freeze drying function are separate From pre-freezing to drying, it all happens in one machine. It takes up less space and is more efficient. Food &#8230;<\/p><\/div><\/div><div class=\"product_post   h_w\" style=\"background-color:#f9f9f9;\"><a href=\"https:\/\/huchuanfreezedryer.com\/fr\/industrial-medium-scale-split-freeze-dryer\/\" class=\"product_pic postatty\" style=\"max-height:500px;\"\"><img loading=\"lazy\" decoding=\"async\" class=\"lazyload\" src=\"https:\/\/huchuanfreezedryer.com\/wp-content\/themes\/smartenterprise-shop\/images\/loadings.png\" data-src=\"https:\/\/huchuanfreezedryer.com\/wp-content\/uploads\/2026\/04\/\u79fb\u52a8\u7aefbanner-\u4e2d\u578b.webp\" width=\"600\" height=\"768\" alt=\"Lyophilisateur industriel split \u00e0 \u00e9chelle moyenne\" title=\"Lyophilisateur industriel split \u00e0 \u00e9chelle moyenne\"\/><\/a><div class=\"product_info\"><div class=\"postdes  noicon\"><span><i class=\"fa fa-calendar\"><\/i>avril 1, 2026<\/span><\/div><h3 class=\"pro_title\"><a href=\"https:\/\/huchuanfreezedryer.com\/fr\/industrial-medium-scale-split-freeze-dryer\/\">Lyophilisateur industriel split \u00e0 \u00e9chelle moyenne<\/a><\/h3><p class=\"des\">HTFD150L-HTFD600L(10-50)m\u00b2\/R (Both Pre-freezing function and freeze drying function in one machine) Both Pre-freezing function and freeze drying function in one machine From pre-freezing to drying, it all happens in one machine. It takes up less space and is more efficient. &#8230;<\/p><\/div><\/div><div class=\"product_post   h_w\" style=\"background-color:#f9f9f9;\"><a href=\"https:\/\/huchuanfreezedryer.com\/fr\/industrial-small-multifunctional-freeze-dryer\/\" class=\"product_pic postatty\" style=\"max-height:500px;\"\"><img loading=\"lazy\" decoding=\"async\" class=\"lazyload\" src=\"https:\/\/huchuanfreezedryer.com\/wp-content\/themes\/smartenterprise-shop\/images\/loadings.png\" data-src=\"https:\/\/huchuanfreezedryer.com\/wp-content\/uploads\/2026\/03\/banner-\u79fb\u52a83.webp\" width=\"600\" height=\"768\" alt=\"Lyophilisateur industriel petit multifonction\" title=\"Lyophilisateur industriel petit multifonction\"\/><\/a><div class=\"product_info\"><div class=\"postdes  noicon\"><span><i class=\"fa fa-calendar\"><\/i>mars 27, 2026<\/span><\/div><h3 class=\"pro_title\"><a href=\"https:\/\/huchuanfreezedryer.com\/fr\/industrial-small-multifunctional-freeze-dryer\/\">Lyophilisateur industriel petit multifonction<\/a><\/h3><p class=\"des\">HTFD5L-HTFD150L(0.5-10)m\u00b2\/R (Both Pre-freezing function and freeze drying function in one machine) Compact Design | Plug-and-Play From pre-freezing to drying, it all happens in one machine. It takes up less space and is more efficient. Food Fruits such as mangoes, st&#8230;<\/p><\/div><\/div><div class=\"product_post   h_w\" style=\"background-color:#f9f9f9;\"><a href=\"https:\/\/huchuanfreezedryer.com\/fr\/industrial-small-split-freeze-dryer\/\" class=\"product_pic postatty\" style=\"max-height:500px;\"\"><img loading=\"lazy\" decoding=\"async\" class=\"lazyload\" src=\"https:\/\/huchuanfreezedryer.com\/wp-content\/themes\/smartenterprise-shop\/images\/loadings.png\" data-src=\"https:\/\/huchuanfreezedryer.com\/wp-content\/uploads\/2026\/03\/\u79fb\u52a8\u7aefbanner-\u5c0f\u578b.webp\" width=\"600\" height=\"768\" alt=\"Lyophilisateur industriel split \u00e0 petite \u00e9chelle\" title=\"Lyophilisateur industriel split \u00e0 petite \u00e9chelle\"\/><\/a><div class=\"product_info\"><div class=\"postdes  noicon\"><span><i class=\"fa fa-calendar\"><\/i>mars 31, 2026<\/span><\/div><h3 class=\"pro_title\"><a href=\"https:\/\/huchuanfreezedryer.com\/fr\/industrial-small-split-freeze-dryer\/\">Lyophilisateur industriel split \u00e0 petite \u00e9chelle<\/a><\/h3><p class=\"des\">HTFD5L-HTFD60L(0.5-5)m\u00b2\/R (Pre-freezing function and freeze drying function are separate) Professional Separation of Pre-freezing &amp; Drying for Maximum Efficiency. From pre-freezing to drying, it all happens in one machine. It takes up less space and is more efficient. &#8230;<\/p><\/div><\/div><\/div>\n\n\n<div class=\"wp-block-themepark-block-btn themepark-i-btn-out\" style=\"text-align:center;padding-top:17px;\"><div class=\"themepark-i-btn-out_ins\" style=\"\"><div class=\"themepark-i-btn-out_in\"><div class=\"themepark-i-btn\" style=\"background-color:#2f8f5b;color:#ffffff;font-size:16px;border-radius:20px;padding:4px 27px;\"><a href=\"https:\/\/huchuanfreezedryer.com\/fr\/category\/news\/new-product-launch\/\" rel=\"noopener noreferrer \">Voir plus <\/a><a class=\"hovers\" data-title=\"View More \" style=\"color:#ffffff;background-color:#0f6660;padding:4px 27px;border-radius:20px;\" href=\"https:\/\/huchuanfreezedryer.com\/fr\/category\/news\/new-product-launch\/\" rel=\"noopener noreferrer\" target=\"_self\"><\/a><\/div><\/div><\/div><\/div>\n<\/div>\n<\/div><div class=\"layout_badh\"><\/div><\/section>\n<\/div>\n\n\n\n<div class=\"wp-block-column newtabbox newtabbox3 is-layout-flow wp-block-column-is-layout-flow\">\n<section class=\"wp-block-themepark-block-themepark-area block_layout thempark-block undefined\" id=\"padingmax\" style=\"padding-bottom:20px;padding-top:20px;\" data-swiper-parallax=\"-700\"><div class=\"block_layout_in\" style=\"\">\n<div class=\"wp-block-column block_layout_in is-layout-flow wp-block-column-is-layout-flow\"><div class=\"product_loop  radius   mian_loop  midefont\" id=\"pro_list_4\"><p class=\"Noresult\">Malheureusement, les informations que vous avez recherch\u00e9es n'ont pas \u00e9t\u00e9 trouv\u00e9es.<\/p><\/div>\n\n\n<div class=\"wp-block-themepark-block-btn themepark-i-btn-out\" style=\"text-align:center;padding-top:17px;\"><div class=\"themepark-i-btn-out_ins\" style=\"\"><div class=\"themepark-i-btn-out_in\"><div class=\"themepark-i-btn\" style=\"background-color:#2f8f5b;color:#ffffff;font-size:16px;border-radius:20px;padding:4px 27px;\"><a href=\"https:\/\/huchuanfreezedryer.com\/fr\/category\/industry-trends\/\" rel=\"noopener noreferrer \">Voir plus <\/a><a class=\"hovers\" data-title=\"View More \" style=\"color:#ffffff;background-color:#0f6660;padding:4px 27px;border-radius:20px;\" href=\"https:\/\/huchuanfreezedryer.com\/fr\/category\/industry-trends\/\" rel=\"noopener noreferrer\" target=\"_self\"><\/a><\/div><\/div><\/div><\/div>\n<\/div>\n<\/div><div class=\"layout_badh\"><\/div><\/section>\n<\/div>\n<\/div><\/div>\n<\/div>\n\n\n\n<div class=\"wp-block-column is-layout-flow wp-block-column-is-layout-flow\">\n<div class=\"wp-block-themepark-block-themepark-wright content-super-p  heightb\" style=\"font-size:12px;line-height:20px;background-color:#ffffff;padding:10px 20px;border-radius:15px;\">\n<div class=\"wp-block-column is-layout-flow wp-block-column-is-layout-flow\">\n<div class=\"wp-block-themepark-block-themepark-wright content-super-p\" style=\"font-size:12px;line-height:42px;padding:10px 0px;\">\n<div class=\"wp-block-column is-layout-flow wp-block-column-is-layout-flow\">\n<h2 class=\"wp-block-heading has-text-align-left has-medium-font-size\" style=\"text-transform:uppercase\"><strong><strong>Tendances du secteur<\/strong><\/strong><\/h2>\n\n\n\n<div class=\"wp-block-themepark-block-themepark-xian theme_fang_out\" style=\"text-align:left;padding-top:10px;padding-bottom:15px;\"><div class=\"fangbox\" style=\"width:100%;height:1px;background:linear-gradient(90deg,rgb(22,185,185) 0%,rgb(16,227,177) 50%,rgb(15,102,96) 100%);\"><\/div><\/div>\n<\/div>\n<\/div>\n\n\n<div class=\"product_loop  radius   mian_loop  smalfont\" id=\"pro_list_1\"><p class=\"Noresult\">Malheureusement, les informations que vous avez recherch\u00e9es n'ont pas \u00e9t\u00e9 trouv\u00e9es.<\/p><\/div>\n\n\n<p><\/p>\n\n\n\n<div class=\"wp-block-themepark-block-themepark-wright content-super-p\" style=\"font-size:12px;line-height:42px;padding:10px 0px;\">\n<div class=\"wp-block-column is-layout-flow wp-block-column-is-layout-flow\">\n<h2 class=\"wp-block-heading has-text-align-left has-medium-font-size\" style=\"text-transform:uppercase\"><strong><mark style=\"background-color:rgba(0, 0, 0, 0)\" class=\"has-inline-color has-themecolor-1-color\">Recherche<\/mark> Article<\/strong><\/h2>\n\n\n\n<div class=\"wp-block-themepark-block-themepark-xian theme_fang_out\" style=\"text-align:left;padding-top:10px;padding-bottom:15px;\"><div class=\"fangbox\" style=\"width:100%;height:1px;background:linear-gradient(90deg,rgb(22,185,185) 0%,rgb(16,227,177) 50%,rgb(15,102,96) 100%);\"><\/div><\/div>\n<\/div>\n<\/div>\n\n\n\n<div class=\"wp-block-themepark-block-themepark-search newsearchcontent jump\" style=\"padding-bottom:27px;\" data-home=\"https:\/\/huchuanfreezedryer.com\"><div class=\"newsearchcontent_in2\" style=\"\"><div class=\"search_s_b\"><span style=\"\" class=\"searchspan\">Tendances du secteur<\/span><span style=\"\" class=\"searchspan\">Actualit\u00e9s<\/span><span style=\"\" class=\"searchspan\">Produits<\/span><\/div><input type=\"hidden\" datas1=\"border-radius:100px;background:#1e8a8a;\" datas2=\"\" autocomplete=\"off\"\/><\/div><div class=\"newsearchcontent_in\" style=\"border-radius:100px;\"><input class=\"seach_box_input\" style=\"border-radius:100px;\"\/><div class=\"seach_box_btn\" style=\"border-radius:100px;background:#1e8a8a;\">SEARCH<\/div><\/div><\/div>\n\n\n\n<p><\/p>\n\n\n\n<p><\/p>\n\n\n\n<div class=\"wp-block-themepark-block-themepark-wright content-super-p\" style=\"font-size:12px;line-height:25px;background-color:#f2f2f2;padding:25px 30px;border-radius:15px;\">\n<div class=\"wp-block-column is-layout-flow wp-block-column-is-layout-flow\">\n<p class=\"has-themecolor-2-color has-text-color has-link-color has-large-font-size wp-elements-22c003319d825ba9650658eec748b5c6\"><strong>CONTACTEZ-NOUS<\/strong><\/p>\n\n\n\n<p><\/p>\n\n\n\n<p class=\"has-black-color has-text-color has-link-color has-medium-font-size wp-elements-fb517f242d9dbf19144207d98387cc07\"><strong><a>+86 195 7776 3321<\/a><\/strong><\/p>\n\n\n\n<p class=\"has-black-color has-text-color has-link-color has-normal-font-size wp-elements-de7250b0c282a285f067de7e5f1d70f7\">E-mail: <a>huchuanfreezedry@huchuan-fd.com<\/a><\/p>\n\n\n\n<p class=\"has-black-color has-text-color has-link-color has-normal-font-size wp-elements-3e64ae9d08539036862df49314b176c5\">Ligne d'assistance gratuite 7 * 24 heures<\/p>\n\n\n\n<p><\/p>\n\n\n\n<div class=\"wp-block-themepark-block-btn themepark-i-btn-out\" style=\"text-align:;\"><div class=\"themepark-i-btn-out_ins\" style=\"\"><div class=\"themepark-i-btn-out_in\"><div class=\"themepark-i-btn\" style=\"background-color:#2f8f5b;color:#ffffff;font-size:16px;border-radius:20px;padding:4px 27px;\"><a href=\"https:\/\/huchuanfreezedryer.com\/fr\/contact\/\" rel=\"noopener noreferrer \">Plus d'informations de contact<\/a><a class=\"hovers\" data-title=\"More contact information\" style=\"color:#ffffff;background-color:#1e8a8a;padding:4px 27px;border-radius:20px;\" href=\"https:\/\/huchuanfreezedryer.com\/fr\/contact\/\" rel=\"noopener noreferrer\" target=\"_self\"><\/a><\/div><\/div><\/div><\/div>\n<\/div>\n<\/div>\n<\/div>\n<\/div>\n<\/div>\n<\/div>\n<\/div>\n<\/div><div class=\"layout_badh\"><\/div><\/section>","protected":false},"excerpt":{"rendered":"","protected":false},"author":1,"featured_media":0,"parent":0,"menu_order":0,"comment_status":"open","ping_status":"closed","template":"","meta":{"themepark_post_bcolor":"#f5f5f5","themepark_post_width":"100%","themepark_post_img":"","themepark_post_img_po":"left","themepark_post_img_re":false,"themepark_post_img_cover":false,"themepark_post_img_fixed":false,"themepark_post_hide_title":true,"themepark_post_main_b":"","themepark_post_main_p":100,"themepark_paddingblock":true,"footnotes":""},"class_list":["post-730","page","type-page","status-publish","hentry"],"_hostinger_reach_plugin_has_subscription_block":false,"_hostinger_reach_plugin_is_elementor":false,"_links":{"self":[{"href":"https:\/\/huchuanfreezedryer.com\/fr\/wp-json\/wp\/v2\/pages\/730","targetHints":{"allow":["GET"]}}],"collection":[{"href":"https:\/\/huchuanfreezedryer.com\/fr\/wp-json\/wp\/v2\/pages"}],"about":[{"href":"https:\/\/huchuanfreezedryer.com\/fr\/wp-json\/wp\/v2\/types\/page"}],"author":[{"embeddable":true,"href":"https:\/\/huchuanfreezedryer.com\/fr\/wp-json\/wp\/v2\/users\/1"}],"replies":[{"embeddable":true,"href":"https:\/\/huchuanfreezedryer.com\/fr\/wp-json\/wp\/v2\/comments?post=730"}],"version-history":[{"count":6,"href":"https:\/\/huchuanfreezedryer.com\/fr\/wp-json\/wp\/v2\/pages\/730\/revisions"}],"predecessor-version":[{"id":1283,"href":"https:\/\/huchuanfreezedryer.com\/fr\/wp-json\/wp\/v2\/pages\/730\/revisions\/1283"}],"wp:attachment":[{"href":"https:\/\/huchuanfreezedryer.com\/fr\/wp-json\/wp\/v2\/media?parent=730"}],"curies":[{"name":"wp","href":"https:\/\/api.w.org\/{rel}","templated":true}]}}